{"id":3847,"date":"2025-12-15T17:09:14","date_gmt":"2025-12-15T17:09:14","guid":{"rendered":"https:\/\/inadinvest.pt\/?post_type=product&#038;p=3847"},"modified":"2025-12-16T16:41:19","modified_gmt":"2025-12-16T16:41:19","slug":"estudio-38","status":"publish","type":"product","link":"https:\/\/inadinvest.pt\/index.php\/product\/estudio-38\/","title":{"rendered":"Est\u00fadio 38"},"content":{"rendered":"<div dir=\"ltr\">\n<p data-start=\"505\" data-end=\"577\">Est\u00fadio com 13\u202fm\u00b2, situado no segundo andar, com uma janela claraboia, equipado com cama de 1,25\u202fm elevat\u00f3ria para arruma\u00e7\u00e3o, roupeiro, pequena mesa com gaveta, cadeira, banco, televis\u00e3o e Wi-Fi comum ao pr\u00e9dio, cozinha completa com frigor\u00edfico com congelador, placa vitrocer\u00e2mica de duas esta\u00e7\u00f5es, cilindro de \u00e1gua quente de 50\u202fL, lava-lou\u00e7a com misturadora de \u00e1gua e balde do lixo com abertura na porta, casa de banho equipada com chuveiro com resguardo, lavat\u00f3rio e sanita, porta de entrada com fechadura inteligente.<\/p>\n<\/div>\n","protected":false},"excerpt":{"rendered":"<p data-start=\"1079\" data-end=\"1137\">Est\u00fadio de 13\u202fm\u00b2 no segundo andar, com janela claraboia, equipado com cama elevat\u00f3ria, roupeiro, mesa, cadeira, banco, televis\u00e3o e Wi-Fi, cozinha completa e casa de banho com chuveiro, porta de entrada com fechadura inteligente.<\/p>\n","protected":false},"featured_media":3850,"comment_status":"open","ping_status":"closed","template":"","meta":{"site-sidebar-layout":"default","site-content-layout":"","ast-site-content-layout":"default","site-content-style":"default","site-sidebar-style":"default","ast-global-header-display":"","ast-banner-title-visibility":"","ast-main-header-display":"","ast-hfb-above-header-display":"","ast-hfb-below-header-display":"","ast-hfb-mobile-header-display":"","site-post-title":"","ast-breadcrumbs-content":"","ast-featured-img":"","footer-sml-layout":"","theme-transparent-header-meta":"default","adv-header-id-meta":"","stick-header-meta":"","header-above-stick-meta":"","header-main-stick-meta":"","header-below-stick-meta":"","astra-migrate-meta-layouts":"set","ast-page-background-enabled":"default","ast-page-background-meta":{"desktop":{"background-color":"var(--ast-global-color-4)","background-image":"","background-repeat":"repeat","background-position":"center center","background-size":"auto","background-attachment":"scroll","background-type":"","background-media":"","overlay-type":"","overlay-color":"","overlay-opacity":"","overlay-gradient":""},"tablet":{"background-color":"","background-image":"","background-repeat":"repeat","background-position":"center center","background-size":"auto","background-attachment":"scroll","background-type":"","background-media":"","overlay-type":"","overlay-color":"","overlay-opacity":"","overlay-gradient":""},"mobile":{"background-color":"","background-image":"","background-repeat":"repeat","background-position":"center center","background-size":"auto","background-attachment":"scroll","background-type":"","background-media":"","overlay-type":"","overlay-color":"","overlay-opacity":"","overlay-gradient":""}},"ast-content-background-meta":{"desktop":{"background-color":"var(--ast-global-color-5)","background-image":"","background-repeat":"repeat","background-position":"center center","background-size":"auto","background-attachment":"scroll","background-type":"","background-media":"","overlay-type":"","overlay-color":"","overlay-opacity":"","overlay-gradient":""},"tablet":{"background-color":"var(--ast-global-color-5)","background-image":"","background-repeat":"repeat","background-position":"center center","background-size":"auto","background-attachment":"scroll","background-type":"","background-media":"","overlay-type":"","overlay-color":"","overlay-opacity":"","overlay-gradient":""},"mobile":{"background-color":"var(--ast-global-color-5)","background-image":"","background-repeat":"repeat","background-position":"center center","background-size":"auto","background-attachment":"scroll","background-type":"","background-media":"","overlay-type":"","overlay-color":"","overlay-opacity":"","overlay-gradient":""}}},"product_cat":[51],"product_tag":[],"class_list":{"0":"post-3847","1":"product","2":"type-product","3":"status-publish","4":"has-post-thumbnail","6":"product_cat-predio-na-avenida-emidio-navarro-56","7":"desktop-align-center","8":"tablet-align-left","9":"mobile-align-left","11":"first","12":"instock","13":"shipping-taxable","14":"product-type-simple"},"_links":{"self":[{"href":"https:\/\/inadinvest.pt\/index.php\/wp-json\/wp\/v2\/product\/3847","targetHints":{"allow":["GET"]}}],"collection":[{"href":"https:\/\/inadinvest.pt\/index.php\/wp-json\/wp\/v2\/product"}],"about":[{"href":"https:\/\/inadinvest.pt\/index.php\/wp-json\/wp\/v2\/types\/product"}],"replies":[{"embeddable":true,"href":"https:\/\/inadinvest.pt\/index.php\/wp-json\/wp\/v2\/comments?post=3847"}],"wp:featuredmedia":[{"embeddable":true,"href":"https:\/\/inadinvest.pt\/index.php\/wp-json\/wp\/v2\/media\/3850"}],"wp:attachment":[{"href":"https:\/\/inadinvest.pt\/index.php\/wp-json\/wp\/v2\/media?parent=3847"}],"wp:term":[{"taxonomy":"product_cat","embeddable":true,"href":"https:\/\/inadinvest.pt\/index.php\/wp-json\/wp\/v2\/product_cat?post=3847"},{"taxonomy":"product_tag","embeddable":true,"href":"https:\/\/inadinvest.pt\/index.php\/wp-json\/wp\/v2\/product_tag?post=3847"}],"curies":[{"name":"wp","href":"https:\/\/api.w.org\/{rel}","templated":true}]}}